{"id":3001,"date":"2025-05-29T11:32:12","date_gmt":"2025-05-29T10:32:12","guid":{"rendered":"https:\/\/demart.rs\/contact\/"},"modified":"2026-02-04T22:48:07","modified_gmt":"2026-02-04T21:48:07","slug":"contact","status":"publish","type":"page","link":"https:\/\/demart.rs\/en\/contact\/","title":{"rendered":"Contact"},"content":{"rendered":"\t\t<div data-elementor-type=\"wp-page\" data-elementor-id=\"3001\" class=\"elementor elementor-3001 elementor-404\">\n\t\t\t\t<div class=\"elementor-element elementor-element-9188080 e-flex e-con-boxed elementor-invisible e-con e-parent\" data-id=\"9188080\" data-element_type=\"container\" data-e-type=\"container\" data-settings=\"{&quot;animation&quot;:&quot;fadeInUp&quot;,&quot;animation_delay&quot;:&quot;500&quot;}\">\n\t\t\t\t\t<div class=\"e-con-inner\">\n\t\t<div class=\"wdt-sticky-css wdt-sticky-column-css-6576403 wdt-css-sticky-desktop wdt-css-sticky-laptop wdt-css-sticky-tablet_extra elementor-element elementor-element-6576403 e-con-full e-flex e-con e-child\" data-wdt-settings=\"{&quot;id&quot;:&quot;6576403&quot;,&quot;sticky&quot;:true,&quot;stickyOn&quot;:[&quot;desktop&quot;,&quot;laptop&quot;,&quot;tablet_extra&quot;]}\" data-id=\"6576403\" data-element_type=\"container\" data-e-type=\"container\">\n\t\t\t\t<div class=\"elementor-element elementor-element-6b81f23 start elementor-widget elementor-widget-wdt-heading\" data-id=\"6b81f23\" data-element_type=\"widget\" data-e-type=\"widget\" data-settings=\"{&quot;wdt_animation_effect&quot;:&quot;none&quot;}\" data-widget_type=\"wdt-heading.default\">\n\t\t\t\t<div class=\"elementor-widget-container\">\n\t\t\t\t\t<div class=\"wdt-heading-holder \" id=\"wdt-heading-6b81f23\"><div class=\"wdt-heading-subtitle-wrapper wdt-heading-subtitle\">Quick Support<\/div><h2 class=\"wdt-heading-title-wrapper wdt-heading-title\">Po\u0161aljite Nam Poruku<\/h2><div class=\"wdt-heading-content-wrapper\">Ispunite kontakt formu i na\u0161 tim \u0107e Vam se javiti u najkra\u0107em mogu\u0107em roku.<\/div><\/div>\t\t\t\t<\/div>\n\t\t\t\t<\/div>\n\t\t\t\t<div class=\"elementor-element elementor-element-a3d7faf elementor-widget elementor-widget-image\" data-id=\"a3d7faf\" data-element_type=\"widget\" data-e-type=\"widget\" data-settings=\"{&quot;wdt_animation_effect&quot;:&quot;scroll&quot;,&quot;wdt_sle_parallax_x_direction&quot;:&quot;true&quot;,&quot;wdt_sle_parallax_x_depth&quot;:{&quot;unit&quot;:&quot;dpt&quot;,&quot;size&quot;:&quot;60&quot;,&quot;sizes&quot;:[]},&quot;wdt_sle_parallax_x_depth_mobile_extra&quot;:{&quot;unit&quot;:&quot;px&quot;,&quot;size&quot;:&quot;30&quot;,&quot;sizes&quot;:[]},&quot;wdt_sle_parallax_x_depth_mobile&quot;:{&quot;unit&quot;:&quot;px&quot;,&quot;size&quot;:&quot;30&quot;,&quot;sizes&quot;:[]},&quot;wdt_sle_parallax_x_depth_laptop&quot;:{&quot;unit&quot;:&quot;px&quot;,&quot;size&quot;:&quot;&quot;,&quot;sizes&quot;:[]},&quot;wdt_sle_parallax_x_depth_tablet_extra&quot;:{&quot;unit&quot;:&quot;px&quot;,&quot;size&quot;:&quot;&quot;,&quot;sizes&quot;:[]},&quot;wdt_sle_parallax_x_depth_tablet&quot;:{&quot;unit&quot;:&quot;px&quot;,&quot;size&quot;:&quot;&quot;,&quot;sizes&quot;:[]}}\" data-widget_type=\"image.default\">\n\t\t\t\t\t\t\t\t\t\t\t\t<figure class=\"wp-caption\">\n\t\t\t\t\t\t\t\t\t\t<img fetchpriority=\"high\" decoding=\"async\" width=\"805\" height=\"576\" src=\"https:\/\/demart.rs\/wp-content\/uploads\/2025\/12\/bioklimatske-pergole.jpg\" class=\"attachment-full size-full wp-image-2941\" alt=\"bioclimatic-pergolas\" srcset=\"https:\/\/demart.rs\/wp-content\/uploads\/2025\/12\/bioklimatske-pergole.jpg 805w, https:\/\/demart.rs\/wp-content\/uploads\/2025\/12\/bioklimatske-pergole-300x215.jpg 300w, https:\/\/demart.rs\/wp-content\/uploads\/2025\/12\/bioklimatske-pergole-768x550.jpg 768w\" sizes=\"(max-width: 805px) 100vw, 805px\" \/>\t\t\t\t\t\t\t\t\t\t\t<figcaption class=\"widget-image-caption wp-caption-text\"><\/figcaption>\n\t\t\t\t\t\t\t\t\t\t<\/figure>\n\t\t\t\t\t\t\t\t\t<\/div>\n\t\t\t\t<\/div>\n\t\t<div class=\"elementor-element elementor-element-2b8b99b e-con-full e-flex e-con e-child\" data-id=\"2b8b99b\" data-element_type=\"container\" data-e-type=\"container\">\n\t\t<div class=\"elementor-element elementor-element-598a04b e-con-full e-flex e-con e-child\" data-id=\"598a04b\" data-element_type=\"container\" data-e-type=\"container\" data-settings=\"{&quot;background_background&quot;:&quot;classic&quot;}\">\n\t\t\t\t<div class=\"elementor-element elementor-element-2b87e6a start elementor-widget elementor-widget-wdt-heading\" data-id=\"2b87e6a\" data-element_type=\"widget\" data-e-type=\"widget\" data-settings=\"{&quot;wdt_animation_effect&quot;:&quot;none&quot;}\" data-widget_type=\"wdt-heading.default\">\n\t\t\t\t<div class=\"elementor-widget-container\">\n\t\t\t\t\t<div class=\"wdt-heading-holder \" id=\"wdt-heading-2b87e6a\"><div class=\"wdt-heading-subtitle-wrapper wdt-heading-subtitle\">Comment Form<\/div><h2 class=\"wdt-heading-title-wrapper wdt-heading-title\">Po\u0161aljite nam poruku<\/h2><\/div>\t\t\t\t<\/div>\n\t\t\t\t<\/div>\n\t\t\t\t<div class=\"elementor-element elementor-element-5202183 elementor-widget elementor-widget-shortcode\" data-id=\"5202183\" data-element_type=\"widget\" data-e-type=\"widget\" data-settings=\"{&quot;wdt_animation_effect&quot;:&quot;none&quot;}\" data-widget_type=\"shortcode.default\">\n\t\t\t\t\t\t\t<div class=\"elementor-shortcode\"><p class=\"wpcf7-contact-form-not-found\"><strong>Error:<\/strong> Contact form not found.<\/p><\/div>\n\t\t\t\t\t\t<\/div>\n\t\t\t\t<\/div>\n\t\t\t\t<\/div>\n\t\t\t\t\t<\/div>\n\t\t\t\t<\/div>\n\t\t<div class=\"elementor-element elementor-element-9ec03b2 e-flex e-con-boxed elementor-invisible e-con e-parent\" data-id=\"9ec03b2\" data-element_type=\"container\" data-e-type=\"container\" data-settings=\"{&quot;animation&quot;:&quot;fadeInUp&quot;,&quot;animation_delay&quot;:&quot;500&quot;}\">\n\t\t\t\t\t<div class=\"e-con-inner\">\n\t\t\t\t<div class=\"elementor-element elementor-element-9c88124 start elementor-widget-mobile_extra__width-inherit elementor-widget-mobile__width-inherit elementor-widget elementor-widget-wdt-image-box\" data-id=\"9c88124\" data-element_type=\"widget\" data-e-type=\"widget\" data-settings=\"{&quot;columns&quot;:&quot;4&quot;,&quot;columns_laptop&quot;:&quot;3&quot;,&quot;columns_tablet_extra&quot;:&quot;3&quot;,&quot;columns_mobile_extra&quot;:&quot;1&quot;,&quot;columns_tablet&quot;:2,&quot;columns_mobile&quot;:1,&quot;carousel_arrows_prev_arrow_vertical_align&quot;:&quot;flex-start&quot;,&quot;carousel_arrows_prev_arrow_vertical_top_indent&quot;:{&quot;unit&quot;:&quot;%&quot;,&quot;size&quot;:&quot;&quot;,&quot;sizes&quot;:[]},&quot;carousel_arrows_prev_arrow_vertical_top_indent_laptop&quot;:{&quot;unit&quot;:&quot;px&quot;,&quot;size&quot;:&quot;&quot;,&quot;sizes&quot;:[]},&quot;carousel_arrows_prev_arrow_vertical_top_indent_tablet_extra&quot;:{&quot;unit&quot;:&quot;px&quot;,&quot;size&quot;:&quot;&quot;,&quot;sizes&quot;:[]},&quot;carousel_arrows_prev_arrow_vertical_top_indent_tablet&quot;:{&quot;unit&quot;:&quot;%&quot;,&quot;size&quot;:&quot;&quot;,&quot;sizes&quot;:[]},&quot;carousel_arrows_prev_arrow_vertical_top_indent_mobile_extra&quot;:{&quot;unit&quot;:&quot;px&quot;,&quot;size&quot;:&quot;&quot;,&quot;sizes&quot;:[]},&quot;carousel_arrows_prev_arrow_vertical_top_indent_mobile&quot;:{&quot;unit&quot;:&quot;%&quot;,&quot;size&quot;:&quot;&quot;,&quot;sizes&quot;:[]},&quot;carousel_arrows_prev_arrow_horizontal_left_indent&quot;:{&quot;unit&quot;:&quot;%&quot;,&quot;size&quot;:&quot;&quot;,&quot;sizes&quot;:[]},&quot;carousel_arrows_prev_arrow_horizontal_left_indent_laptop&quot;:{&quot;unit&quot;:&quot;px&quot;,&quot;size&quot;:&quot;&quot;,&quot;sizes&quot;:[]},&quot;carousel_arrows_prev_arrow_horizontal_left_indent_tablet_extra&quot;:{&quot;unit&quot;:&quot;px&quot;,&quot;size&quot;:&quot;&quot;,&quot;sizes&quot;:[]},&quot;carousel_arrows_prev_arrow_horizontal_left_indent_tablet&quot;:{&quot;unit&quot;:&quot;%&quot;,&quot;size&quot;:&quot;&quot;,&quot;sizes&quot;:[]},&quot;carousel_arrows_prev_arrow_horizontal_left_indent_mobile_extra&quot;:{&quot;unit&quot;:&quot;px&quot;,&quot;size&quot;:&quot;&quot;,&quot;sizes&quot;:[]},&quot;carousel_arrows_prev_arrow_horizontal_left_indent_mobile&quot;:{&quot;unit&quot;:&quot;%&quot;,&quot;size&quot;:&quot;&quot;,&quot;sizes&quot;:[]},&quot;carousel_arrows_next_arrow_vertical_align&quot;:&quot;flex-start&quot;,&quot;carousel_arrows_next_arrow_vertical_top_indent&quot;:{&quot;unit&quot;:&quot;%&quot;,&quot;size&quot;:&quot;&quot;,&quot;sizes&quot;:[]},&quot;carousel_arrows_next_arrow_vertical_top_indent_laptop&quot;:{&quot;unit&quot;:&quot;px&quot;,&quot;size&quot;:&quot;&quot;,&quot;sizes&quot;:[]},&quot;carousel_arrows_next_arrow_vertical_top_indent_tablet_extra&quot;:{&quot;unit&quot;:&quot;px&quot;,&quot;size&quot;:&quot;&quot;,&quot;sizes&quot;:[]},&quot;carousel_arrows_next_arrow_vertical_top_indent_tablet&quot;:{&quot;unit&quot;:&quot;%&quot;,&quot;size&quot;:&quot;&quot;,&quot;sizes&quot;:[]},&quot;carousel_arrows_next_arrow_vertical_top_indent_mobile_extra&quot;:{&quot;unit&quot;:&quot;px&quot;,&quot;size&quot;:&quot;&quot;,&quot;sizes&quot;:[]},&quot;carousel_arrows_next_arrow_vertical_top_indent_mobile&quot;:{&quot;unit&quot;:&quot;%&quot;,&quot;size&quot;:&quot;&quot;,&quot;sizes&quot;:[]},&quot;carousel_arrows_next_arrow_horizontal_left_indent&quot;:{&quot;unit&quot;:&quot;%&quot;,&quot;size&quot;:&quot;&quot;,&quot;sizes&quot;:[]},&quot;carousel_arrows_next_arrow_horizontal_left_indent_laptop&quot;:{&quot;unit&quot;:&quot;px&quot;,&quot;size&quot;:&quot;&quot;,&quot;sizes&quot;:[]},&quot;carousel_arrows_next_arrow_horizontal_left_indent_tablet_extra&quot;:{&quot;unit&quot;:&quot;px&quot;,&quot;size&quot;:&quot;&quot;,&quot;sizes&quot;:[]},&quot;carousel_arrows_next_arrow_horizontal_left_indent_tablet&quot;:{&quot;unit&quot;:&quot;%&quot;,&quot;size&quot;:&quot;&quot;,&quot;sizes&quot;:[]},&quot;carousel_arrows_next_arrow_horizontal_left_indent_mobile_extra&quot;:{&quot;unit&quot;:&quot;px&quot;,&quot;size&quot;:&quot;&quot;,&quot;sizes&quot;:[]},&quot;carousel_arrows_next_arrow_horizontal_left_indent_mobile&quot;:{&quot;unit&quot;:&quot;%&quot;,&quot;size&quot;:&quot;&quot;,&quot;sizes&quot;:[]},&quot;wdt_animation_effect&quot;:&quot;none&quot;}\" data-widget_type=\"wdt-image-box.default\">\n\t\t\t\t<div class=\"elementor-widget-container\">\n\t\t\t\t\t<div class=\"wdt-image-box-holder wdt-content-item-holder wdt-column-holder wdt-rc-template-default\" id=\"wdt-image-box-9c88124\" data-settings=\"{&quot;enable_popup&quot;:&quot;&quot;,&quot;enable_hover_class&quot;:&quot;&quot;}\"><div class=\"wdt-column-wrapper wdt-column-gap-custom wdt-snap-scroll-enabled\" data-column-settings=\"{&quot;columnDevices&quot;:[&quot;laptop&quot;,&quot;tablet_extra&quot;,&quot;tablet&quot;,&quot;mobile_extra&quot;,&quot;mobile&quot;]}\" data-module-id=\"wdt-module-id-9c88124\" id=\"wdt-module-id-9c88124\"><div class=\"wdt-column\"><div class=\"wdt-content-item\"><div class=\"wdt-content-media-group\"><div class=\"wdt-content-icon-wrapper\"><div class=\"wdt-content-icon\"><span><svg xmlns=\"http:\/\/www.w3.org\/2000\/svg\" viewBox=\"0 0 20 20\"><path d=\"M0.8,3.2C0.5,3.5,0.3,3.9,0.3,4.4v11.2c0,1,0.8,1.7,1.7,1.7h15.9c1,0,1.7-0.8,1.7-1.7V4.4c0-0.5-0.2-0.9-0.5-1.2l-8.6,9 c0,0,0,0,0,0c-0.1,0.1-0.3,0.2-0.5,0.2c-0.2,0-0.4-0.1-0.5-0.2c0,0,0,0,0,0L0.8,3.2z\"><\/path><path d=\"M9.9,11.7c0,0,0.1,0,0.1,0l8.6-8.9c-0.2-0.1-0.4-0.1-0.7-0.1H2.1c-0.2,0-0.5,0-0.7,0.1L9.9,11.7z\"><\/path><\/svg><\/span><\/div><\/div><div class=\"wdt-content-title-group below\"><div class=\"wdt-content-title\"><h5><a href=\"mailto:contact@example.com\">Email<\/a><\/h5><\/div><span><\/span><div class=\"wdt-content-subtitle\">info@demart.rs<\/div><\/div><\/div><div class=\"wdt-content-detail-group\"><div class=\"wdt-content-description\">Uvek smo tu da odgovorimo na va\u0161a pitanja. Mo\u017eete nas kontaktirati u bilo kom trenutku putem e-po\u0161te.<\/div><\/div><\/div><\/div><div class=\"wdt-column\"><div class=\"wdt-content-item\"><div class=\"wdt-content-media-group\"><div class=\"wdt-content-icon-wrapper\"><div class=\"wdt-content-icon\"><span><\/span><\/div><\/div><div class=\"wdt-content-title-group below\"><div class=\"wdt-content-title\"><h5>Adresa<\/h5><\/div><span><\/span><div class=\"wdt-content-subtitle\">Kru\u017eni put, Le\u0161tane Beograd<\/div><\/div><\/div><div class=\"wdt-content-detail-group\"><div class=\"wdt-content-description\">Prona\u0111ite nas u samom centru grada, lako dostupnom sa svih glavnih saobra\u0107ajnih pravaca.<\/div><\/div><\/div><\/div><div class=\"wdt-column\"><div class=\"wdt-content-item\"><div class=\"wdt-content-media-group\"><div class=\"wdt-content-icon-wrapper\"><div class=\"wdt-content-icon\"><span><svg xmlns=\"http:\/\/www.w3.org\/2000\/svg\" viewBox=\"0 0 20 20\"><path d=\"M11,14.2c-1.9-1.1-4.2-4.3-4.7-6.3c0.8-1.3,1.5-0.7,2-2c0-0.1,1.2-6.6-3.4-5.3c-10,3,6.5,25.3,12.8,17.2 c2.8-3.8-4-4.8-4.1-4.8C12.1,13,12.5,13.8,11,14.2z\"><\/path><\/svg><\/span><\/div><\/div><div class=\"wdt-content-title-group below\"><div class=\"wdt-content-title\"><h5>Telefon<\/h5><\/div><span><\/span><div class=\"wdt-content-subtitle\">069 344 00 00<\/div><\/div><\/div><div class=\"wdt-content-detail-group\"><div class=\"wdt-content-description\">Na\u0161 tim podr\u0161ke vam je na raspolaganju danju i no\u0107u i mo\u017ee vam pomo\u0107i putem telefona.<\/div><\/div><\/div><\/div><div class=\"wdt-column\"><div class=\"wdt-content-item\"><div class=\"wdt-content-media-group\"><div class=\"wdt-content-icon-wrapper\"><div class=\"wdt-content-icon\"><span><svg xmlns=\"http:\/\/www.w3.org\/2000\/svg\" viewBox=\"0 0 20 20\"><path d=\"M5.6,4.2H5.4c-0.5,0-1-0.4-1-1V1.9c0-0.5,0.4-1,1-1h0.2c0.5,0,1,0.4,1,1v1.3C6.5,3.8,6.1,4.2,5.6,4.2L5.6,4.2z M5.4,1.3 C5,1.3,4.7,1.6,4.7,1.9v1.3c0,0.3,0.3,0.6,0.6,0.6h0.2c0.3,0,0.6-0.3,0.6-0.6V1.9c0-0.3-0.3-0.6-0.6-0.6H5.4z M14.6,4.2h-0.2 c-0.5,0-1-0.4-1-1V1.9c0-0.5,0.4-1,1-1h0.2c0.5,0,1,0.4,1,1v1.3C15.6,3.8,15.2,4.2,14.6,4.2z M14.5,1.3c-0.3,0-0.6,0.3-0.6,0.6v1.3 c0,0.3,0.3,0.6,0.6,0.6h0.2c0.3,0,0.6-0.3,0.6-0.6V1.9c0-0.3-0.3-0.6-0.6-0.6H14.5z M6.5,10.2H4.7V8.4h1.8V10.2z M5.1,9.8h1.1V8.7 H5.1V9.8z M10.9,10.2H9.1V8.4h1.8V10.2z M9.5,9.8h1.1V8.7H9.5V9.8z M15.3,10.2h-1.8V8.4h1.8V10.2z M13.8,9.8h1.1V8.7h-1.1V9.8z  M6.7,13.8H4.9V12h1.8V13.8z M5.3,13.5h1.1v-1.1H5.3V13.5z M11.1,13.8H9.3V12h1.8V13.8z M9.6,13.5h1.1v-1.1H9.6V13.5z M15.5,13.8 h-1.8V12h1.8V13.8z M14,13.5h1.1v-1.1H14V13.5z M6.9,17.5H5.1v-1.8h1.8V17.5z M5.5,17.1h1.1V16H5.5V17.1z M11.3,17.5H9.5v-1.8h1.8 V17.5z M9.8,17.1h1.1V16H9.8V17.1z M4,2.9H16c1.3,0,2.4,1.1,2.4,2.4v11.2c0,1.3-1.1,2.4-2.4,2.4H4c-1.3,0-2.4-1.1-2.4-2.4V5.3 C1.6,4,2.7,2.9,4,2.9z M18.4,5.8H1.6v0.7h16.7V5.8z M5.5,1.1L5.5,1.1C5,1.1,4.5,1.5,4.5,2v1.1C4.5,3.6,5,4,5.5,4h0 C6,4,6.4,3.6,6.4,3.1V2C6.4,1.5,6,1.1,5.5,1.1z M14.7,1.1h-0.2c-0.4,0-0.8,0.4-0.8,0.8v1.3C13.6,3.7,14,4,14.4,4h0.2 c0.4,0,0.8-0.4,0.8-0.8V1.9C15.5,1.5,15.1,1.1,14.7,1.1z M6.4,8.6H4.9V10h1.5V8.6z M10.7,8.6H9.3V10h1.5V8.6z M15.1,8.6h-1.5V10h1.5 V8.6z M6.5,12.2H5.1v1.5h1.5V12.2z M10.9,12.2H9.5v1.5h1.5V12.2z M15.3,12.2h-1.5v1.5h1.5V12.2z M6.7,15.8H5.3v1.5h1.5V15.8z  M11.1,15.8H9.6v1.5h1.5V15.8z M15.5,15.8H14v1.5h1.5V15.8z M15.6,17.5h-1.8v-1.8h1.8V17.5z M14.2,17.1h1.1V16h-1.1V17.1z\"><\/path><\/svg><\/span><\/div><\/div><div class=\"wdt-content-title-group below\"><div class=\"wdt-content-title\"><h5>Radni dani<\/h5><\/div><span><\/span><div class=\"wdt-content-subtitle\">Pon-Pet: 8-16h, Sub: 8-13h<\/div><\/div><\/div><div class=\"wdt-content-detail-group\"><div class=\"wdt-content-description\">Otvoreni smo od ponedeljka do petka, od 8 do 16 \u010das. Vikendom ne radimo.<\/div><\/div><\/div><\/div><\/div><div class=\"wdt-column-pagination wdt-snap-scroll-pagination\">\r\n\t\t\t\t\t\t<button class=\"wdt-pagination-prev wdt-module-id-9c88124\">Previous<\/button>\r\n\t\t\t\t\t\t<button class=\"wdt-pagination-next wdt-module-id-9c88124\">Next<\/button><\/div><\/div>\t\t\t\t<\/div>\n\t\t\t\t<\/div>\n\t\t\t\t\t<\/div>\n\t\t\t\t<\/div>\n\t\t\t\t<\/div>\n\t\t","protected":false},"excerpt":{"rendered":"<p>Quick Support Po\u0161aljite Nam Poruku Ispunite kontakt formu i na\u0161 tim \u0107e Vam se javiti u najkra\u0107em mogu\u0107em roku. Comment Form Po\u0161aljite nam poruku Email info@demart.rsUvek smo tu da odgovorimo na va\u0161a pitanja. Mo\u017eete nas kontaktirati u bilo kom trenutku putem e-po\u0161te. Adresa Kru\u017eni put, Le\u0161tane BeogradProna\u0111ite nas u samom centru grada, lako dostupnom sa [&hellip;]<\/p>\n","protected":false},"author":1,"featured_media":0,"parent":0,"menu_order":0,"comment_status":"closed","ping_status":"closed","template":"elementor_header_footer","meta":{"footnotes":""},"class_list":["post-3001","page","type-page","status-publish","hentry"],"_links":{"self":[{"href":"https:\/\/demart.rs\/en\/wp-json\/wp\/v2\/pages\/3001","targetHints":{"allow":["GET"]}}],"collection":[{"href":"https:\/\/demart.rs\/en\/wp-json\/wp\/v2\/pages"}],"about":[{"href":"https:\/\/demart.rs\/en\/wp-json\/wp\/v2\/types\/page"}],"author":[{"embeddable":true,"href":"https:\/\/demart.rs\/en\/wp-json\/wp\/v2\/users\/1"}],"replies":[{"embeddable":true,"href":"https:\/\/demart.rs\/en\/wp-json\/wp\/v2\/comments?post=3001"}],"version-history":[{"count":3,"href":"https:\/\/demart.rs\/en\/wp-json\/wp\/v2\/pages\/3001\/revisions"}],"predecessor-version":[{"id":3275,"href":"https:\/\/demart.rs\/en\/wp-json\/wp\/v2\/pages\/3001\/revisions\/3275"}],"wp:attachment":[{"href":"https:\/\/demart.rs\/en\/wp-json\/wp\/v2\/media?parent=3001"}],"curies":[{"name":"wp","href":"https:\/\/api.w.org\/{rel}","templated":true}]}}